{"id":66,"date":"2024-09-02T09:38:06","date_gmt":"2024-09-02T07:38:06","guid":{"rendered":"https:\/\/www.biogas-l12n.de\/wordpress\/?page_id=66"},"modified":"2024-09-30T08:51:41","modified_gmt":"2024-09-30T06:51:41","slug":"wir-ueber-uns","status":"publish","type":"page","link":"https:\/\/www.biogas-l12n.de\/wordpress\/wir-ueber-uns\/","title":{"rendered":"Wir \u00fcber uns&#8230;"},"content":{"rendered":"\n<p>Nur dem Zufall ist es zu Verdanken, dass zwei Personen aus unserem Kreise die Ank\u00fcndigung zu einer Informationsveranstaltung f\u00fcr den Bau einer gro\u00dfen Biomethananlage aufgefallen ist. Die Gemeinde Langerwehe hatte den Termin zur Pr\u00e4sentation durch den Hersteller auf Ihrer Facebook-Seite ver\u00f6ffentlich. Die beiden Personen konnten sich noch kurzfristig anmelden und mit Ihren Ehepartnern an der Veranstaltung teilnehmen.<\/p>\n\n\n\n<p>Durch den nachbarschaftlichen Austausch wurden im Anschluss zwei weitere Familien auf das Projekt aufmerksam. Einstimmig waren wir der Meinung, dass die Ank\u00fcndigung eines solchen Termins deutlicher und wesentlich fr\u00fcher h\u00e4tte erfolgen m\u00fcssen.<\/p>\n\n\n\n<p>So haben sich die vier Familien aus Obergeich zusammengeschlossen und sich zum Ziel gesetzt, die Information der B\u00fcrgerinnen und B\u00fcrger selbst zu initiieren und das Projekt, wenn m\u00f6glich, zu verhindern.<\/p>\n\n\n\n<p>Aufgrund unserer Flyeraktionen und dem weiteren Bekanntwerden des Projektes haben sich weitere Freiwillige und Unterst\u00fczter unserer Initiative angeschlossen. Mittlerweile erhalten wir Anfragen aus Ortschaften, in denen wir noch keine Flyer verteilt haben.<\/p>\n\n\n\n<p>Wir sind trotz des Zuwachses an jeglicher Unterst\u00fctzung durch weitere Personen interessiert und f\u00fcr jede Hilfe dankbar.<\/p>\n\n\n\n<p><\/p>\n\n\n\n<p><\/p>\n","protected":false},"excerpt":{"rendered":"<p>Nur dem Zufall ist es zu Verdanken, dass zwei Personen aus unserem Kreise die Ank\u00fcndigung zu einer Informationsveranstaltung f\u00fcr den Bau einer gro\u00dfen Biomethananlage aufgefallen ist. Die Gemeinde Langerwehe hatte den Termin zur Pr\u00e4sentation durch den Hersteller auf Ihrer Facebook-Seite ver\u00f6ffentlich. Die beiden Personen konnten sich noch kurzfristig anmelden und mit Ihren Ehepartnern an der [&hellip;]<\/p>\n","protected":false},"author":1,"featured_media":0,"parent":0,"menu_order":0,"comment_status":"closed","ping_status":"closed","template":"","meta":{"footnotes":""},"class_list":["post-66","page","type-page","status-publish","hentry"],"yoast_head":"<!-- This site is optimized with the Yoast SEO plugin v25.2 - https:\/\/yoast.com\/wordpress\/plugins\/seo\/ -->\n<title>Wir \u00fcber uns... - Biogas L12n<\/title>\n<meta name=\"robots\" content=\"index, follow, max-snippet:-1, max-image-preview:large, max-video-preview:-1\" \/>\n<link rel=\"canonical\" href=\"https:\/\/www.biogas-l12n.de\/wordpress\/wir-ueber-uns\/\" \/>\n<meta property=\"og:locale\" content=\"de_DE\" \/>\n<meta property=\"og:type\" content=\"article\" \/>\n<meta property=\"og:title\" content=\"Wir \u00fcber uns... - Biogas L12n\" \/>\n<meta property=\"og:description\" content=\"Nur dem Zufall ist es zu Verdanken, dass zwei Personen aus unserem Kreise die Ank\u00fcndigung zu einer Informationsveranstaltung f\u00fcr den Bau einer gro\u00dfen Biomethananlage aufgefallen ist. Die Gemeinde Langerwehe hatte den Termin zur Pr\u00e4sentation durch den Hersteller auf Ihrer Facebook-Seite ver\u00f6ffentlich. Die beiden Personen konnten sich noch kurzfristig anmelden und mit Ihren Ehepartnern an der [&hellip;]\" \/>\n<meta property=\"og:url\" content=\"https:\/\/www.biogas-l12n.de\/wordpress\/wir-ueber-uns\/\" \/>\n<meta property=\"og:site_name\" content=\"Biogas L12n\" \/>\n<meta property=\"article:modified_time\" content=\"2024-09-30T06:51:41+00:00\" \/>\n<meta name=\"twitter:card\" content=\"summary_large_image\" \/>\n<meta name=\"twitter:label1\" content=\"Gesch\u00e4tzte Lesezeit\" \/>\n\t<meta name=\"twitter:data1\" content=\"1\u00a0Minute\" \/>\n<script type=\"application\/ld+json\" class=\"yoast-schema-graph\">{\"@context\":\"https:\/\/schema.org\",\"@graph\":[{\"@type\":\"WebPage\",\"@id\":\"https:\/\/www.biogas-l12n.de\/wordpress\/wir-ueber-uns\/\",\"url\":\"https:\/\/www.biogas-l12n.de\/wordpress\/wir-ueber-uns\/\",\"name\":\"Wir \u00fcber uns... - Biogas L12n\",\"isPartOf\":{\"@id\":\"https:\/\/www.biogas-l12n.de\/wordpress\/#website\"},\"datePublished\":\"2024-09-02T07:38:06+00:00\",\"dateModified\":\"2024-09-30T06:51:41+00:00\",\"breadcrumb\":{\"@id\":\"https:\/\/www.biogas-l12n.de\/wordpress\/wir-ueber-uns\/#breadcrumb\"},\"inLanguage\":\"de\",\"potentialAction\":[{\"@type\":\"ReadAction\",\"target\":[\"https:\/\/www.biogas-l12n.de\/wordpress\/wir-ueber-uns\/\"]}]},{\"@type\":\"BreadcrumbList\",\"@id\":\"https:\/\/www.biogas-l12n.de\/wordpress\/wir-ueber-uns\/#breadcrumb\",\"itemListElement\":[{\"@type\":\"ListItem\",\"position\":1,\"name\":\"Startseite\",\"item\":\"https:\/\/www.biogas-l12n.de\/wordpress\/\"},{\"@type\":\"ListItem\",\"position\":2,\"name\":\"Wir \u00fcber uns&#8230;\"}]},{\"@type\":\"WebSite\",\"@id\":\"https:\/\/www.biogas-l12n.de\/wordpress\/#website\",\"url\":\"https:\/\/www.biogas-l12n.de\/wordpress\/\",\"name\":\"Biogas L12n\",\"description\":\"B\u00fcrgerinitiative f\u00fcr eine bessere Informationspolitik der Gemeindeverwaltung und gegen den Bau der Biomethangasanlage an der L12n in Langerwehe\",\"potentialAction\":[{\"@type\":\"SearchAction\",\"target\":{\"@type\":\"EntryPoint\",\"urlTemplate\":\"https:\/\/www.biogas-l12n.de\/wordpress\/?s={search_term_string}\"},\"query-input\":{\"@type\":\"PropertyValueSpecification\",\"valueRequired\":true,\"valueName\":\"search_term_string\"}}],\"inLanguage\":\"de\"}]}<\/script>\n<!-- \/ Yoast SEO plugin. -->","yoast_head_json":{"title":"Wir \u00fcber uns... - Biogas L12n","robots":{"index":"index","follow":"follow","max-snippet":"max-snippet:-1","max-image-preview":"max-image-preview:large","max-video-preview":"max-video-preview:-1"},"canonical":"https:\/\/www.biogas-l12n.de\/wordpress\/wir-ueber-uns\/","og_locale":"de_DE","og_type":"article","og_title":"Wir \u00fcber uns... - Biogas L12n","og_description":"Nur dem Zufall ist es zu Verdanken, dass zwei Personen aus unserem Kreise die Ank\u00fcndigung zu einer Informationsveranstaltung f\u00fcr den Bau einer gro\u00dfen Biomethananlage aufgefallen ist. Die Gemeinde Langerwehe hatte den Termin zur Pr\u00e4sentation durch den Hersteller auf Ihrer Facebook-Seite ver\u00f6ffentlich. Die beiden Personen konnten sich noch kurzfristig anmelden und mit Ihren Ehepartnern an der [&hellip;]","og_url":"https:\/\/www.biogas-l12n.de\/wordpress\/wir-ueber-uns\/","og_site_name":"Biogas L12n","article_modified_time":"2024-09-30T06:51:41+00:00","twitter_card":"summary_large_image","twitter_misc":{"Gesch\u00e4tzte Lesezeit":"1\u00a0Minute"},"schema":{"@context":"https:\/\/schema.org","@graph":[{"@type":"WebPage","@id":"https:\/\/www.biogas-l12n.de\/wordpress\/wir-ueber-uns\/","url":"https:\/\/www.biogas-l12n.de\/wordpress\/wir-ueber-uns\/","name":"Wir \u00fcber uns... - Biogas L12n","isPartOf":{"@id":"https:\/\/www.biogas-l12n.de\/wordpress\/#website"},"datePublished":"2024-09-02T07:38:06+00:00","dateModified":"2024-09-30T06:51:41+00:00","breadcrumb":{"@id":"https:\/\/www.biogas-l12n.de\/wordpress\/wir-ueber-uns\/#breadcrumb"},"inLanguage":"de","potentialAction":[{"@type":"ReadAction","target":["https:\/\/www.biogas-l12n.de\/wordpress\/wir-ueber-uns\/"]}]},{"@type":"BreadcrumbList","@id":"https:\/\/www.biogas-l12n.de\/wordpress\/wir-ueber-uns\/#breadcrumb","itemListElement":[{"@type":"ListItem","position":1,"name":"Startseite","item":"https:\/\/www.biogas-l12n.de\/wordpress\/"},{"@type":"ListItem","position":2,"name":"Wir \u00fcber uns&#8230;"}]},{"@type":"WebSite","@id":"https:\/\/www.biogas-l12n.de\/wordpress\/#website","url":"https:\/\/www.biogas-l12n.de\/wordpress\/","name":"Biogas L12n","description":"B\u00fcrgerinitiative f\u00fcr eine bessere Informationspolitik der Gemeindeverwaltung und gegen den Bau der Biomethangasanlage an der L12n in Langerwehe","potentialAction":[{"@type":"SearchAction","target":{"@type":"EntryPoint","urlTemplate":"https:\/\/www.biogas-l12n.de\/wordpress\/?s={search_term_string}"},"query-input":{"@type":"PropertyValueSpecification","valueRequired":true,"valueName":"search_term_string"}}],"inLanguage":"de"}]}},"_links":{"self":[{"href":"https:\/\/www.biogas-l12n.de\/wordpress\/wp-json\/wp\/v2\/pages\/66","targetHints":{"allow":["GET"]}}],"collection":[{"href":"https:\/\/www.biogas-l12n.de\/wordpress\/wp-json\/wp\/v2\/pages"}],"about":[{"href":"https:\/\/www.biogas-l12n.de\/wordpress\/wp-json\/wp\/v2\/types\/page"}],"author":[{"embeddable":true,"href":"https:\/\/www.biogas-l12n.de\/wordpress\/wp-json\/wp\/v2\/users\/1"}],"replies":[{"embeddable":true,"href":"https:\/\/www.biogas-l12n.de\/wordpress\/wp-json\/wp\/v2\/comments?post=66"}],"version-history":[{"count":8,"href":"https:\/\/www.biogas-l12n.de\/wordpress\/wp-json\/wp\/v2\/pages\/66\/revisions"}],"predecessor-version":[{"id":186,"href":"https:\/\/www.biogas-l12n.de\/wordpress\/wp-json\/wp\/v2\/pages\/66\/revisions\/186"}],"wp:attachment":[{"href":"https:\/\/www.biogas-l12n.de\/wordpress\/wp-json\/wp\/v2\/media?parent=66"}],"curies":[{"name":"wp","href":"https:\/\/api.w.org\/{rel}","templated":true}]}}