{"id":44,"date":"2024-09-01T21:28:13","date_gmt":"2024-09-01T19:28:13","guid":{"rendered":"https:\/\/www.biogas-l12n.de\/wordpress\/?p=44"},"modified":"2025-02-04T21:42:25","modified_gmt":"2025-02-04T20:42:25","slug":"impressum-und-datenschutz","status":"publish","type":"page","link":"https:\/\/www.biogas-l12n.de\/wordpress\/impressum-und-datenschutz\/","title":{"rendered":"Impressum und Datenschutz"},"content":{"rendered":"\n<p>Mit dieser Website sind keine wirtschaftlichen oder einseitig politische Interessen verbunden.<\/p>\n\n\n\n<p>Verantwortlich f\u00fcr den Inhalt der Webseite nach \u00a7 5 TMG und \u00a7 55 II RStV, Dienstanbieter nach \u00a76 TDG und verantwortlich f\u00fcr den Inhalt gem\u00e4\u00df \u00a76 MDstV:<\/p>\n\n\n\n<p>Ralf Kortz<br>Ulrich Heinrich<br>Mario Becker<br>Bernhard Schiwe<em>k<\/em><br>E-Mail: mail@biogas-l12n.de<\/p>\n\n\n\n<p>Gem\u00e4\u00df \u00a7 5 TMG sind wir\u00a0zu den nachfolgenden Angaben verpflichtet:<\/p>\n\n\n\n<p>Haftung f\u00fcr Inhalte:<br>Die Inhalte dieser Seiten wurden mit gr\u00f6\u00dfter Sorgfalt erstellt. F\u00fcr die Richtigkeit, Vollst\u00e4ndigkeit und Aktualit\u00e4t der Inhalte k\u00f6nnen wir&nbsp;jedoch keine Gew\u00e4hr \u00fcbernehmen. Als Diensteanbieter bin ich gem\u00e4\u00df \u00a7 6 Abs.1 MDStV und \u00a7 8 Abs.1 TDG f\u00fcr eigene Inhalte auf diesen Seiten nach den allgemeinen Gesetzen verantwortlich. Diensteanbieter sind jedoch nicht verpflichtet, die von ihnen \u00fcbermittelten oder gespeicherten fremden Informationen zu \u00fcberwachen oder nach Umst\u00e4nden zu forschen, die auf eine rechtswidrige T\u00e4tigkeit hinweisen. Verpflichtungen zur Entfernung oder Sperrung der Nutzung von Informationen nach den allgemeinen Gesetzen bleiben hiervon unber\u00fchrt. Eine diesbez\u00fcgliche Haftung ist jedoch erst ab dem Zeitpunkt der Kenntnis einer konkreten Rechtsverletzung m\u00f6glich. Bei bekannt werden von entsprechenden Rechtsverletzungen werden wir&nbsp;diese Inhalte selbstverst\u00e4ndlich umgehend entfernen.<\/p>\n\n\n\n<p>Haftung f\u00fcr Links:<br>Unser Angebot enth\u00e4lt Links zu externen Webseiten Dritter, auf deren Inhalte wir&nbsp;keinen Einfluss haben. Deshalb k\u00f6nnen wir f\u00fcr diese fremden Inhalte auch keine Gew\u00e4hr \u00fcbernehmen. F\u00fcr die Inhalte der verlinkten Seiten ist stets der jeweilige Anbieter oder Betreiber der Seiten verantwortlich. Die verlinkten Seiten wurden zum Zeitpunkt der Verlinkung auf m\u00f6gliche Rechtsverst\u00f6\u00dfe \u00fcberpr\u00fcft. Rechtswidrige Inhalte waren zum Zeitpunkt der Verlinkung nicht erkennbar. Eine permanente inhaltliche Kontrolle der verlinkten Seiten ist jedoch ohne konkrete Anhaltspunkte einer Rechtsverletzung nicht zumutbar. Bei bekannt werden von Rechtsverletzungen werden wir&nbsp;derartige Links umgehend entfernen.<\/p>\n\n\n\n<p>Urheberrecht:<br>Als Betreiber dieser Seiten sind wir&nbsp;bem\u00fcht, stets die Urheberrechte anderer zu beachten bzw. auf selbst erstellte sowie lizenzfreie Werke zur\u00fcckzugreifen.<br>Die durch die Seitenbetreiber erstellten Inhalte und Werke auf diesen Seiten unterliegen dem deutschen Urheberrecht. Beitr\u00e4ge Dritter sind als solche gekennzeichnet. Die Vervielf\u00e4ltigung, Bearbeitung, Verbreitung und jede Art der Verwertung au\u00dferhalb der Grenzen des Urheberrechtes bed\u00fcrfen der schriftlichen Zustimmung des jeweiligen Autors bzw. Erstellers. Downloads und Kopien dieser Seite sind nur f\u00fcr den privaten, nicht kommerziellen Gebrauch gestattet.<br>Die Text- und Bildrechte der einzelnen Autoren bleiben ausdr\u00fccklich bei den jeweiligen Autoren.<\/p>\n\n\n\n<p>Datenschutz:<br>Soweit auf unseren\u00a0Seiten personenbezogene Daten (beispielsweise Name, Anschrift oder eMail-Adressen) erhoben werden, erfolgt dies soweit m\u00f6glich stets auf freiwilliger Basis. Die Nutzung der Angebote und Dienste ist, soweit m\u00f6glich, stets ohne Angabe personenbezogener Daten m\u00f6glich.<br>Alle Ihre Daten werden unter Beachtung der einschl\u00e4gigen Vorschriften der Bundesdatenschutzgesetze (BDSG) und des Telemediengesetzes (TMG) vom Seitenbetreiber gespeichert. Sie haben jederzeit ein Recht auf kostenlose Auskunft, Berichtigung, Sperrung und L\u00f6schung Ihrer gespeicherten Daten. Sie k\u00f6nnen dies per Email tun. Wir\u00a0geben Ihre Daten nicht an fremde Dritte zu Werbezwecken weiter!<\/p>\n\n\n\n<p>Der Nutzung von im Rahmen der Impressumspflicht ver\u00f6ffentlichten Kontaktdaten durch Dritte zur \u00dcbersendung von nicht ausdr\u00fccklich angeforderter Werbung und Informationsmaterialien wird hiermit ausdr\u00fccklich widersprochen. Der Betreiber der Seiten beh\u00e4lt sich ausdr\u00fccklich rechtliche Schritte im Falle der unverlangten Zusendung von Werbeinformationen, etwa durch Spam-Mails, vor.<\/p>\n","protected":false},"excerpt":{"rendered":"<p>Mit dieser Website sind keine wirtschaftlichen oder einseitig politische Interessen verbunden. Verantwortlich f\u00fcr den Inhalt der Webseite nach \u00a7 5 TMG und \u00a7 55 II RStV, Dienstanbieter nach \u00a76 TDG und verantwortlich f\u00fcr den Inhalt gem\u00e4\u00df \u00a76 MDstV: Ralf KortzUlrich HeinrichMario BeckerBernhard SchiwekE-Mail: mail@biogas-l12n.de Gem\u00e4\u00df \u00a7 5 TMG sind wir\u00a0zu den nachfolgenden Angaben verpflichtet: Haftung [&hellip;]<\/p>\n","protected":false},"author":1,"featured_media":0,"parent":0,"menu_order":0,"comment_status":"closed","ping_status":"open","template":"","meta":{"footnotes":""},"class_list":["post-44","page","type-page","status-publish","hentry"],"yoast_head":"<!-- This site is optimized with the Yoast SEO plugin v25.2 - https:\/\/yoast.com\/wordpress\/plugins\/seo\/ -->\n<title>Impressum und Datenschutz - Biogas L12n<\/title>\n<meta name=\"description\" content=\"Impressum und Datenschutz\" \/>\n<meta name=\"robots\" content=\"index, follow, max-snippet:-1, max-image-preview:large, max-video-preview:-1\" \/>\n<link rel=\"canonical\" href=\"https:\/\/www.biogas-l12n.de\/wordpress\/impressum-und-datenschutz\/\" \/>\n<meta property=\"og:locale\" content=\"de_DE\" \/>\n<meta property=\"og:type\" content=\"article\" \/>\n<meta property=\"og:title\" content=\"Impressum und Datenschutz - Biogas L12n\" \/>\n<meta property=\"og:description\" content=\"Impressum und Datenschutz\" \/>\n<meta property=\"og:url\" content=\"https:\/\/www.biogas-l12n.de\/wordpress\/impressum-und-datenschutz\/\" \/>\n<meta property=\"og:site_name\" content=\"Biogas L12n\" \/>\n<meta property=\"article:modified_time\" content=\"2025-02-04T20:42:25+00:00\" \/>\n<meta name=\"twitter:card\" content=\"summary_large_image\" \/>\n<meta name=\"twitter:label1\" content=\"Gesch\u00e4tzte Lesezeit\" \/>\n\t<meta name=\"twitter:data1\" content=\"3\u00a0Minuten\" \/>\n<script type=\"application\/ld+json\" class=\"yoast-schema-graph\">{\"@context\":\"https:\/\/schema.org\",\"@graph\":[{\"@type\":\"WebPage\",\"@id\":\"https:\/\/www.biogas-l12n.de\/wordpress\/impressum-und-datenschutz\/\",\"url\":\"https:\/\/www.biogas-l12n.de\/wordpress\/impressum-und-datenschutz\/\",\"name\":\"Impressum und Datenschutz - Biogas L12n\",\"isPartOf\":{\"@id\":\"https:\/\/www.biogas-l12n.de\/wordpress\/#website\"},\"datePublished\":\"2024-09-01T19:28:13+00:00\",\"dateModified\":\"2025-02-04T20:42:25+00:00\",\"description\":\"Impressum und Datenschutz\",\"breadcrumb\":{\"@id\":\"https:\/\/www.biogas-l12n.de\/wordpress\/impressum-und-datenschutz\/#breadcrumb\"},\"inLanguage\":\"de\",\"potentialAction\":[{\"@type\":\"ReadAction\",\"target\":[\"https:\/\/www.biogas-l12n.de\/wordpress\/impressum-und-datenschutz\/\"]}]},{\"@type\":\"BreadcrumbList\",\"@id\":\"https:\/\/www.biogas-l12n.de\/wordpress\/impressum-und-datenschutz\/#breadcrumb\",\"itemListElement\":[{\"@type\":\"ListItem\",\"position\":1,\"name\":\"Startseite\",\"item\":\"https:\/\/www.biogas-l12n.de\/wordpress\/\"},{\"@type\":\"ListItem\",\"position\":2,\"name\":\"Impressum und Datenschutz\"}]},{\"@type\":\"WebSite\",\"@id\":\"https:\/\/www.biogas-l12n.de\/wordpress\/#website\",\"url\":\"https:\/\/www.biogas-l12n.de\/wordpress\/\",\"name\":\"Biogas L12n\",\"description\":\"B\u00fcrgerinitiative f\u00fcr eine bessere Informationspolitik der Gemeindeverwaltung und gegen den Bau der Biomethangasanlage an der L12n in Langerwehe\",\"potentialAction\":[{\"@type\":\"SearchAction\",\"target\":{\"@type\":\"EntryPoint\",\"urlTemplate\":\"https:\/\/www.biogas-l12n.de\/wordpress\/?s={search_term_string}\"},\"query-input\":{\"@type\":\"PropertyValueSpecification\",\"valueRequired\":true,\"valueName\":\"search_term_string\"}}],\"inLanguage\":\"de\"}]}<\/script>\n<!-- \/ Yoast SEO plugin. -->","yoast_head_json":{"title":"Impressum und Datenschutz - Biogas L12n","description":"Impressum und Datenschutz","robots":{"index":"index","follow":"follow","max-snippet":"max-snippet:-1","max-image-preview":"max-image-preview:large","max-video-preview":"max-video-preview:-1"},"canonical":"https:\/\/www.biogas-l12n.de\/wordpress\/impressum-und-datenschutz\/","og_locale":"de_DE","og_type":"article","og_title":"Impressum und Datenschutz - Biogas L12n","og_description":"Impressum und Datenschutz","og_url":"https:\/\/www.biogas-l12n.de\/wordpress\/impressum-und-datenschutz\/","og_site_name":"Biogas L12n","article_modified_time":"2025-02-04T20:42:25+00:00","twitter_card":"summary_large_image","twitter_misc":{"Gesch\u00e4tzte Lesezeit":"3\u00a0Minuten"},"schema":{"@context":"https:\/\/schema.org","@graph":[{"@type":"WebPage","@id":"https:\/\/www.biogas-l12n.de\/wordpress\/impressum-und-datenschutz\/","url":"https:\/\/www.biogas-l12n.de\/wordpress\/impressum-und-datenschutz\/","name":"Impressum und Datenschutz - Biogas L12n","isPartOf":{"@id":"https:\/\/www.biogas-l12n.de\/wordpress\/#website"},"datePublished":"2024-09-01T19:28:13+00:00","dateModified":"2025-02-04T20:42:25+00:00","description":"Impressum und Datenschutz","breadcrumb":{"@id":"https:\/\/www.biogas-l12n.de\/wordpress\/impressum-und-datenschutz\/#breadcrumb"},"inLanguage":"de","potentialAction":[{"@type":"ReadAction","target":["https:\/\/www.biogas-l12n.de\/wordpress\/impressum-und-datenschutz\/"]}]},{"@type":"BreadcrumbList","@id":"https:\/\/www.biogas-l12n.de\/wordpress\/impressum-und-datenschutz\/#breadcrumb","itemListElement":[{"@type":"ListItem","position":1,"name":"Startseite","item":"https:\/\/www.biogas-l12n.de\/wordpress\/"},{"@type":"ListItem","position":2,"name":"Impressum und Datenschutz"}]},{"@type":"WebSite","@id":"https:\/\/www.biogas-l12n.de\/wordpress\/#website","url":"https:\/\/www.biogas-l12n.de\/wordpress\/","name":"Biogas L12n","description":"B\u00fcrgerinitiative f\u00fcr eine bessere Informationspolitik der Gemeindeverwaltung und gegen den Bau der Biomethangasanlage an der L12n in Langerwehe","potentialAction":[{"@type":"SearchAction","target":{"@type":"EntryPoint","urlTemplate":"https:\/\/www.biogas-l12n.de\/wordpress\/?s={search_term_string}"},"query-input":{"@type":"PropertyValueSpecification","valueRequired":true,"valueName":"search_term_string"}}],"inLanguage":"de"}]}},"_links":{"self":[{"href":"https:\/\/www.biogas-l12n.de\/wordpress\/wp-json\/wp\/v2\/pages\/44","targetHints":{"allow":["GET"]}}],"collection":[{"href":"https:\/\/www.biogas-l12n.de\/wordpress\/wp-json\/wp\/v2\/pages"}],"about":[{"href":"https:\/\/www.biogas-l12n.de\/wordpress\/wp-json\/wp\/v2\/types\/page"}],"author":[{"embeddable":true,"href":"https:\/\/www.biogas-l12n.de\/wordpress\/wp-json\/wp\/v2\/users\/1"}],"replies":[{"embeddable":true,"href":"https:\/\/www.biogas-l12n.de\/wordpress\/wp-json\/wp\/v2\/comments?post=44"}],"version-history":[{"count":2,"href":"https:\/\/www.biogas-l12n.de\/wordpress\/wp-json\/wp\/v2\/pages\/44\/revisions"}],"predecessor-version":[{"id":46,"href":"https:\/\/www.biogas-l12n.de\/wordpress\/wp-json\/wp\/v2\/pages\/44\/revisions\/46"}],"wp:attachment":[{"href":"https:\/\/www.biogas-l12n.de\/wordpress\/wp-json\/wp\/v2\/media?parent=44"}],"curies":[{"name":"wp","href":"https:\/\/api.w.org\/{rel}","templated":true}]}}