{"id":229,"date":"2025-01-29T14:03:33","date_gmt":"2025-01-29T13:03:33","guid":{"rendered":"https:\/\/www.biogas-l12n.de\/wordpress\/?page_id=229"},"modified":"2025-02-04T21:54:32","modified_gmt":"2025-02-04T20:54:32","slug":"aktuelles","status":"publish","type":"page","link":"https:\/\/www.biogas-l12n.de\/wordpress\/aktuelles\/","title":{"rendered":"Aktuelles"},"content":{"rendered":"\n<ul class=\"wp-block-list\">\n<li><strong>06. und 12. November 2024:<\/strong><br>Unsere Vermutungen best\u00e4tigen sich immer weiter! Das Biomethan wird mit gro\u00dfer Wahrscheinlichkeit nicht, wie von Herrn B\u00fcrgermeister M\u00fcnstermann in verschiedenen Ausschusssitzungen als Vorteil der geplanten Biomethananlage angegeben, in das \u00f6rtliche Gasnetz eingespeist um den B\u00fcrgern vor Ort zugute zu kommen.<br>Die LUCRESTA Clean Energy GmbH und die CAPHENIA GmbH haben eine Partnerschaft zur Erzeugung von SAF (Sustainable Aviation Fuels) oder e-Diesel geschlossen. Der Reaktor dazu befindet sich in Frankfurt a. M. \/ Hoechst.<br>Da stellt sich uns doch die Frage, warum diese Biogasfabrik in einem Abstand von ca. 400m an angrenzende Wohngebiete gebaut werden muss, wenn das erzeugte Biomathan in \u00fcber\u00f6rtliche Gasnetze zum Transport nach Frankfurt eingespeist werden soll&#8230;<br><a href=\"https:\/\/lucresta.de\/innovationen-statt-verbote-zukunftsweisende-klimapolitik-durch-deutsche-innovation-co%e2%82%82-klimaneutrale-kraftstoffe\/\" target=\"_blank\" rel=\"noreferrer noopener nofollow\">Link zur Ank\u00fcndigung der Lucresta auf deren News-Seite vom 06.11.2024<\/a><br><a href=\"https:\/\/lucresta.de\/ein-meilenstein-fuer-nachhaltige-kraftstoffe-und-die-energiewende\/\" target=\"_blank\" rel=\"noreferrer noopener nofollow\">Link zu weiteren Informationen auf der Lucresta News-Seite vom 12.11.2024<\/a><br> <\/li>\n\n\n\n<li><strong>30. September 2024:<\/strong><br>Uns wurde zugetragen, dass die Fraktion der CDU eine erneute Pr\u00e4sentation durch die Lucresta erfahren hat. Informationen oder Ergebnisse dieser Veranstaltung sind uns nicht bekannt.<br>Wir begr\u00fc\u00dfen es grunds\u00e4tzlich, dass Teile der Politik sich nun scheinbar doch eingehender mit der Biomethananlage besch\u00e4ftigen m\u00f6chte!<br> <\/li>\n\n\n\n<li><strong>02. September 2024:<\/strong><br>Verteilung des Flyers in Schlich und Merode<br> <\/li>\n\n\n\n<li><strong>27. August 2024:<\/strong><br>Aufgrund unserer Information an die B\u00fcrgerinnen und B\u00fcrger, kam es zu einer regen Teilnahme zur Einwohnerfragestunde w\u00e4hrend der 15. Sitzung des Ausschusses f\u00fcr Umwelt und Energie.<br>Wir hatten einen Fragenkatalog vorbereitet. Die Fragen wurden dem Ausschuss sachlich vorgetragen. Eine ebenso sachliche Antwort blieb man bei allen Punkten jedoch schuldig. Unsere Forderung nach einer erneuten Informationsveranstaltung der B\u00fcrgerinnen und B\u00fcrger wurde mit dem Angebot einer Podiumsdiskussion beantwortet. Fraglich bleibt zu dieser Podiumsdiskussion, wer neben der Lucresta dazu eingeladen wird.<br>Da man sich bis zu diesem Zeitpunkt noch keinerlei Expertiesen eingeholt hat und sich ausschlie\u00dflich auf die Aussagen der Lucresta verl\u00e4\u00dft, liegt die Vermutung nahe, auch bei der Lucresta anzufragen, welche Fachleute zu dieser Diskussion einzuladen w\u00e4ren.<br><\/li>\n\n\n\n<li><strong>26. August 2024:<\/strong><br>Beantwortung unseres Schreibens vom 07. August 2024 durch den B\u00fcrgermeister, Herrn M\u00fcnstermann. Der Antwort liegt eine Stellungnahme zu unsern Flugbl\u00e4ttern durch die Lucresta bei.<br><\/li>\n\n\n\n<li><strong>22. August 2024:<\/strong><br>Verteilung eines angepa\u00dfen Flyers in J\u00fcngersdorf\/Pier<br><\/li>\n\n\n\n<li><strong>12. August 2024:<\/strong><br>Verteilung eines angepa\u00dfen Flyers in Luchem<br><\/li>\n\n\n\n<li><strong>07. August 2024:<\/strong><br>Versand unseres Schreibens per E-Mail an den B\u00fcrgermeister der Gemeinde Langerwehe, Herrn Peter M\u00fcnstermann, mit der Forderung nach einer erneuten Dialogveranstaltung zwischen dem Rat der Gemeinde und den B\u00fcrgerinnen und B\u00fcrgern.<br><\/li>\n\n\n\n<li><strong>05. August 2024:<\/strong><br>Verteilung eines angepa\u00dfen Flyers in D&#8217;horn<br><\/li>\n\n\n\n<li><strong>31. Juli 2024:<\/strong><br>Verteilung des ersten Flyers in Geich und Obergeich<br><\/li>\n\n\n\n<li><strong>04. Juli 2024:<\/strong><br>In der 28. Sitzung des Rates der Gemeinde Langerwehe wird unter TOP 11 der Empfehlung aus der 15. Sitzung des Ausschusses f\u00fcr Strukturwandel, Gemeindeentwicklung, Wirtschaft und Digitales gefolgt und <strong>einstimmig<\/strong> die Beauftragung der Verwaltung zur Durchf\u00fchrung der <strong>Vorplanung und Umsetzung<\/strong> des Projektes durch den Rat der Gemeinde Langerwehe beschlossen.<br>Zitat aus dem Sitzungsprotokoll:<br>&#8222;<strong>Der Rat der Gemeinde Langerwehe beauftragt die Verwaltung mit den planerischen Vorarbeiten sowie der Umsetzung des Projektes zur Ansiedlung einer Bio-Methan-Anlage in Langerwehe&#8230;<\/strong>&#8222;<br><a href=\"https:\/\/ratsinfo.langerwehe.de\/sdnetrim\/UGhVM0hpd2NXNFdFcExjZSUZZ1lX-rE2jElZotf9c3WAm2C2Nhge0g_JxsOZ1Ifu\/Oeffentliche_Niederschrift_Rat_der_Gemeinde_Langerwehe_04.07.2024.pdf\" target=\"_blank\" rel=\"noreferrer noopener\">Link zum Protokoll der Sitzung<\/a><br><\/li>\n\n\n\n<li><strong>05. Juni 2024:<\/strong><br>Informationsveranstaltung zur Biomethananlage durch die LUCRESTA Clean Energy GmbH in der Aula der Europaschule. Anhand einer PowerPoint-Pr\u00e4sentation wurde das Konzept durch die Lucresta vorgestellt. Anf\u00e4nglich wurde versucht auttretende Fragen zu beantworten. <strong>Personen, die allerdings kritische Fragen stellten, wurden im weiteren Verlauf und bei wiederholten Meldungen \u00fcbergangen<\/strong>.<br>Auf unsere Anfrage, ob man uns ein Protokoll der Veranstaltung zur Verf\u00fcgung stellen kann, wurde seitens der Gemeinde mitgeteilt, dass kein Protokoll erstellt wurde.<br><a href=\"https:\/\/www.langerwehe.de\/20240605-Pra-sentation-Oeffentlichkeit.pdf\" target=\"_blank\" rel=\"noreferrer noopener\">Link zur Pr\u00e4sentation der Lucresta auf der Internetseite der Gemeinde Langerwehe<\/a><br><\/li>\n\n\n\n<li><strong>01. Juni 2024:<\/strong><br>Die Ver\u00f6ffentlichung des Termins f\u00fcr die Informationsveranstaltung der Lucresta fand in der Ausgabe 11 des Mitteilungsblattes f\u00fcr die Gemeinden Inden und Langerwehe auf Seite 5 unten statt, <strong>erst vier Tage vor dem tats\u00e4chlichen Termin der Informationsveranstaltung<\/strong>.<br><a href=\"https:\/\/archiv.rautenberg.media\/LANI\/LANI_22_2024.pdf\" target=\"_blank\" rel=\"noreferrer noopener\">Link zum Mitteilungsblatt 11\/2024<\/a><br><em>Anmerkung:<\/em> In Allstedt wurde der Termin f\u00fcr die Informationsveranstaltung auch erst kurz der Informationsveranstaltung bekannt gegeben. Dies war in Allstadt daraufhin ein Thema einer Stadtratssitzung. Eine Wiederholung f\u00fcr Langerwehe legt die Vermutung nahe, dass die Termine absichtlich so kurzfristig bekannt gegeben werden.<br><\/li>\n\n\n\n<li><strong>18., 23. und 25. Mai 2024:<\/strong><br>Ver\u00f6ffentlichungen zur Ank\u00fcndigung der Informationsveranstaltung f\u00fcr die Biomethananlage in der Aachener\/D\u00fcrener Zeitung (18.05.2024), in einem Post auf der Facebook-Seite (23.05.024) und auf der Webseite der Gemeinde Langerwehe (nur noch f\u00fcr den 25.05.2024 feststellbar). Abgesehen davon, dass der Termin in der Zeitung nur eine Erw\u00e4hnung im allerletzten Satz (einer \u00be Seite) erf\u00e4hrt, gelten alle drei Medien nicht als offizieller Kanal f\u00fcr Bekanntmachungen der Gemeinde (lt. Hauptsatzung der Gemeinde Langerwehe, \u00a716 Abs. 3a).<br><a href=\"https:\/\/www.langerwehe.de\/buergerservice\/ratsarbeit\/Hauptsatzung-komplett-mit-allen-Aenderungen.pdf\" data-type=\"link\" data-id=\"https:\/\/www.langerwehe.de\/buergerservice\/ratsarbeit\/Hauptsatzung-komplett-mit-allen-Aenderungen.pdf\" target=\"_blank\" rel=\"noreferrer noopener\">Link zur Hauptsatzung der Gemeinde Langerwehe<\/a><br><\/li>\n\n\n\n<li><strong>16. Mai 2024:<\/strong><br>In der 15. Sitzung des Ausschusses f\u00fcr Strukturwandel, Gemeindeentwicklung, Wirtschaft und Digitales wurde durch eine Gesch\u00e4ftsf\u00fchrerin der Lucresta Engeneering GmbH wurde unter TOP 3 das Projekt anhand einer PowerPoint-Pr\u00e4sentation vorgestellt. Nach der Beantwortung von Fragen wurde durch den Ausschuss <strong>einstimmig<\/strong> die Empfehlung an den Rat gefasst, die Vorplanung aufzunehmen und die Umsetzung des Projektes durchzuf\u00fchren.<br>Zitat aus dem Sitzungsprotokoll:<br>&#8222;<strong>Der Ausschuss f\u00fcr Strukturwandel, Gemeindeentwicklung, Wirtschaft und Digitales nimmt die Ausf\u00fchrungen zur Kenntnis, begr\u00fc\u00dft die Ansiedlungsabsicht der Unternehmensgruppe in Langerwehe und empfiehlt dem Rat, die Verwaltung mit den planerischen Vorarbeiten sowie der Umsetzung des Projektes zu beauftragen.<\/strong>&#8222;<br><a href=\"https:\/\/ratsinfo.langerwehe.de\/sdnetrim\/UGhVM0hpd2NXNFdFcExjZcYgile7B99QQdi68K6Mv4S1srRbHLw5Erxd6BORLWxM\/Oeffentliche_Niederschrift_Ausschuss_fuer_Strukturwandel-_Gemeindeentwicklung-_Wirtschaft_und_Digitales_16.05.2024.pdf\" target=\"_blank\" rel=\"noreferrer noopener\">Link zum Protokoll der Sitzung<\/a><br><\/li>\n\n\n\n<li>Wann eine Kontaktaufnahme der Fa. LUCRESTA bei der Gemeindeverwaltung erfolgte, konnte bisher nicht festgestellt werden. B\u00fcrgermeister M\u00fcnstermann teilte uns dazu mit, dass Anfang des Jahres 2024 ein Investor Kontakt zu Ihm aufgenommen hat und anfragte ob eine Fl\u00e4che von 10ha frei w\u00e4re und Interesse best\u00fcnde, dort eine Biomethananlage anzusiedeln.<\/li>\n<\/ul>\n","protected":false},"excerpt":{"rendered":"","protected":false},"author":1,"featured_media":0,"parent":0,"menu_order":0,"comment_status":"closed","ping_status":"closed","template":"","meta":{"footnotes":""},"class_list":["post-229","page","type-page","status-publish","hentry"],"yoast_head":"<!-- This site is optimized with the Yoast SEO plugin v25.2 - https:\/\/yoast.com\/wordpress\/plugins\/seo\/ -->\n<title>Aktuelles - Biogas L12n<\/title>\n<meta name=\"description\" content=\"Aktuelle Informationen zur geplanten Biomethananlage an der L12 in der Gemeinde Langerwehe\" \/>\n<meta name=\"robots\" content=\"index, follow, max-snippet:-1, max-image-preview:large, max-video-preview:-1\" \/>\n<link rel=\"canonical\" href=\"https:\/\/www.biogas-l12n.de\/wordpress\/aktuelles\/\" \/>\n<meta property=\"og:locale\" content=\"de_DE\" \/>\n<meta property=\"og:type\" content=\"article\" \/>\n<meta property=\"og:title\" content=\"Aktuelles - Biogas L12n\" \/>\n<meta property=\"og:description\" content=\"Aktuelle Informationen zur geplanten Biomethananlage an der L12 in der Gemeinde Langerwehe\" \/>\n<meta property=\"og:url\" content=\"https:\/\/www.biogas-l12n.de\/wordpress\/aktuelles\/\" \/>\n<meta property=\"og:site_name\" content=\"Biogas L12n\" \/>\n<meta property=\"article:modified_time\" content=\"2025-02-04T20:54:32+00:00\" \/>\n<meta name=\"twitter:card\" content=\"summary_large_image\" \/>\n<meta name=\"twitter:label1\" content=\"Gesch\u00e4tzte Lesezeit\" \/>\n\t<meta name=\"twitter:data1\" content=\"6\u00a0Minuten\" \/>\n<script type=\"application\/ld+json\" class=\"yoast-schema-graph\">{\"@context\":\"https:\/\/schema.org\",\"@graph\":[{\"@type\":\"WebPage\",\"@id\":\"https:\/\/www.biogas-l12n.de\/wordpress\/aktuelles\/\",\"url\":\"https:\/\/www.biogas-l12n.de\/wordpress\/aktuelles\/\",\"name\":\"Aktuelles - Biogas L12n\",\"isPartOf\":{\"@id\":\"https:\/\/www.biogas-l12n.de\/wordpress\/#website\"},\"datePublished\":\"2025-01-29T13:03:33+00:00\",\"dateModified\":\"2025-02-04T20:54:32+00:00\",\"description\":\"Aktuelle Informationen zur geplanten Biomethananlage an der L12 in der Gemeinde Langerwehe\",\"breadcrumb\":{\"@id\":\"https:\/\/www.biogas-l12n.de\/wordpress\/aktuelles\/#breadcrumb\"},\"inLanguage\":\"de\",\"potentialAction\":[{\"@type\":\"ReadAction\",\"target\":[\"https:\/\/www.biogas-l12n.de\/wordpress\/aktuelles\/\"]}]},{\"@type\":\"BreadcrumbList\",\"@id\":\"https:\/\/www.biogas-l12n.de\/wordpress\/aktuelles\/#breadcrumb\",\"itemListElement\":[{\"@type\":\"ListItem\",\"position\":1,\"name\":\"Startseite\",\"item\":\"https:\/\/www.biogas-l12n.de\/wordpress\/\"},{\"@type\":\"ListItem\",\"position\":2,\"name\":\"Aktuelles\"}]},{\"@type\":\"WebSite\",\"@id\":\"https:\/\/www.biogas-l12n.de\/wordpress\/#website\",\"url\":\"https:\/\/www.biogas-l12n.de\/wordpress\/\",\"name\":\"Biogas L12n\",\"description\":\"B\u00fcrgerinitiative f\u00fcr eine bessere Informationspolitik der Gemeindeverwaltung und gegen den Bau der Biomethangasanlage an der L12n in Langerwehe\",\"potentialAction\":[{\"@type\":\"SearchAction\",\"target\":{\"@type\":\"EntryPoint\",\"urlTemplate\":\"https:\/\/www.biogas-l12n.de\/wordpress\/?s={search_term_string}\"},\"query-input\":{\"@type\":\"PropertyValueSpecification\",\"valueRequired\":true,\"valueName\":\"search_term_string\"}}],\"inLanguage\":\"de\"}]}<\/script>\n<!-- \/ Yoast SEO plugin. -->","yoast_head_json":{"title":"Aktuelles - Biogas L12n","description":"Aktuelle Informationen zur geplanten Biomethananlage an der L12 in der Gemeinde Langerwehe","robots":{"index":"index","follow":"follow","max-snippet":"max-snippet:-1","max-image-preview":"max-image-preview:large","max-video-preview":"max-video-preview:-1"},"canonical":"https:\/\/www.biogas-l12n.de\/wordpress\/aktuelles\/","og_locale":"de_DE","og_type":"article","og_title":"Aktuelles - Biogas L12n","og_description":"Aktuelle Informationen zur geplanten Biomethananlage an der L12 in der Gemeinde Langerwehe","og_url":"https:\/\/www.biogas-l12n.de\/wordpress\/aktuelles\/","og_site_name":"Biogas L12n","article_modified_time":"2025-02-04T20:54:32+00:00","twitter_card":"summary_large_image","twitter_misc":{"Gesch\u00e4tzte Lesezeit":"6\u00a0Minuten"},"schema":{"@context":"https:\/\/schema.org","@graph":[{"@type":"WebPage","@id":"https:\/\/www.biogas-l12n.de\/wordpress\/aktuelles\/","url":"https:\/\/www.biogas-l12n.de\/wordpress\/aktuelles\/","name":"Aktuelles - Biogas L12n","isPartOf":{"@id":"https:\/\/www.biogas-l12n.de\/wordpress\/#website"},"datePublished":"2025-01-29T13:03:33+00:00","dateModified":"2025-02-04T20:54:32+00:00","description":"Aktuelle Informationen zur geplanten Biomethananlage an der L12 in der Gemeinde Langerwehe","breadcrumb":{"@id":"https:\/\/www.biogas-l12n.de\/wordpress\/aktuelles\/#breadcrumb"},"inLanguage":"de","potentialAction":[{"@type":"ReadAction","target":["https:\/\/www.biogas-l12n.de\/wordpress\/aktuelles\/"]}]},{"@type":"BreadcrumbList","@id":"https:\/\/www.biogas-l12n.de\/wordpress\/aktuelles\/#breadcrumb","itemListElement":[{"@type":"ListItem","position":1,"name":"Startseite","item":"https:\/\/www.biogas-l12n.de\/wordpress\/"},{"@type":"ListItem","position":2,"name":"Aktuelles"}]},{"@type":"WebSite","@id":"https:\/\/www.biogas-l12n.de\/wordpress\/#website","url":"https:\/\/www.biogas-l12n.de\/wordpress\/","name":"Biogas L12n","description":"B\u00fcrgerinitiative f\u00fcr eine bessere Informationspolitik der Gemeindeverwaltung und gegen den Bau der Biomethangasanlage an der L12n in Langerwehe","potentialAction":[{"@type":"SearchAction","target":{"@type":"EntryPoint","urlTemplate":"https:\/\/www.biogas-l12n.de\/wordpress\/?s={search_term_string}"},"query-input":{"@type":"PropertyValueSpecification","valueRequired":true,"valueName":"search_term_string"}}],"inLanguage":"de"}]}},"_links":{"self":[{"href":"https:\/\/www.biogas-l12n.de\/wordpress\/wp-json\/wp\/v2\/pages\/229","targetHints":{"allow":["GET"]}}],"collection":[{"href":"https:\/\/www.biogas-l12n.de\/wordpress\/wp-json\/wp\/v2\/pages"}],"about":[{"href":"https:\/\/www.biogas-l12n.de\/wordpress\/wp-json\/wp\/v2\/types\/page"}],"author":[{"embeddable":true,"href":"https:\/\/www.biogas-l12n.de\/wordpress\/wp-json\/wp\/v2\/users\/1"}],"replies":[{"embeddable":true,"href":"https:\/\/www.biogas-l12n.de\/wordpress\/wp-json\/wp\/v2\/comments?post=229"}],"version-history":[{"count":6,"href":"https:\/\/www.biogas-l12n.de\/wordpress\/wp-json\/wp\/v2\/pages\/229\/revisions"}],"predecessor-version":[{"id":282,"href":"https:\/\/www.biogas-l12n.de\/wordpress\/wp-json\/wp\/v2\/pages\/229\/revisions\/282"}],"wp:attachment":[{"href":"https:\/\/www.biogas-l12n.de\/wordpress\/wp-json\/wp\/v2\/media?parent=229"}],"curies":[{"name":"wp","href":"https:\/\/api.w.org\/{rel}","templated":true}]}}