{"id":134,"date":"2025-01-31T07:00:05","date_gmt":"2025-01-31T06:00:05","guid":{"rendered":"https:\/\/www.biogas-l12n.de\/wordpress\/?page_id=134"},"modified":"2025-01-31T07:38:23","modified_gmt":"2025-01-31T06:38:23","slug":"wir-moechten-diese-anlage-nicht","status":"publish","type":"page","link":"https:\/\/www.biogas-l12n.de\/wordpress\/","title":{"rendered":"NEIN zur Biomethananlage!"},"content":{"rendered":"\n<figure class=\"wp-block-image alignright size-full is-resized wp-duotone-unset-1\"><img loading=\"lazy\" decoding=\"async\" width=\"1024\" height=\"768\" src=\"https:\/\/www.biogas-l12n.de\/wordpress\/wp-content\/uploads\/2024\/09\/Designer-edited.jpeg\" alt=\"\" class=\"wp-image-172\" style=\"width:561px;height:auto\" srcset=\"https:\/\/www.biogas-l12n.de\/wordpress\/wp-content\/uploads\/2024\/09\/Designer-edited.jpeg 1024w, https:\/\/www.biogas-l12n.de\/wordpress\/wp-content\/uploads\/2024\/09\/Designer-edited-300x225.jpeg 300w, https:\/\/www.biogas-l12n.de\/wordpress\/wp-content\/uploads\/2024\/09\/Designer-edited-768x576.jpeg 768w\" sizes=\"auto, (max-width: 1024px) 100vw, 1024px\" \/><figcaption class=\"wp-element-caption\">Modell einer Biomethananlage, generiert durch eine KI<\/figcaption><\/figure>\n\n\n\n<p><a href=\"https:\/\/www.biogas-l12n.de\/wordpress\/2025\/01\/26\/offener-brief\/\" data-type=\"post\" data-id=\"257\" target=\"_blank\" rel=\"noreferrer noopener\"><strong>HINWEIS, aktuell vom 26.01.2025: Unser offener Brief an den B\u00fcrgermeister und die Gemeindeverwaltung!<\/strong><\/a><\/p>\n\n\n\n<p>Die Lucresta Clean Energy-Gruppe ist mit einem Konzept zum Bau einer Biomethananlage an der L12n an die Gemeinde Langerwehe herangetreten.<\/p>\n\n\n\n<p>Das Projekt wurde in der 15. Sitzung des Ausschusses f\u00fcr Strukturwandel, Gemeindeentwicklung, Wirtschaft und Digitales am 16. Mai 2024 durch eine Gesch\u00e4ftsf\u00fchrerin der Lucresta vorgestellt. Der Ausschuss hat daraufhin den Beschluss gefa\u00dft, dem Rat der Gemeinde Langerwehe zu empfehlen, die Verwaltung mit den planerischen Vorarbeiten und der Umsetzung des Projektes zu beauftragen.<\/p>\n\n\n\n<p>Daraufhin wurde die Verwaltung durch den Rat der Gemeinde Langerwehe in seiner 28. Sitzung vom 04. Juli 2024 unter TOP 11 damit beauftragt, die planerischen Vorarbeiten sowie die Umsetzung des Projektes zur Ansiedlung einer Biomethananlage in Langerwehe im<br>Bereich der k\u00fcnftigen Erweiterungsfl\u00e4che f\u00fcr Gewerbe und Industrie an der L 12 durchzuf\u00fchren.<\/p>\n\n\n\n<p><strong>Welche Einw\u00e4nde haben wir gegen den Beschluss und den Bau der Biomethananlage?<\/strong><\/p>\n\n\n\n<ul class=\"wp-block-list\">\n<li>Anlage ist ein Pilotprojekt: in Deutschland ist keine Anlage mit \u00e4hnlicher Funktion und ann\u00e4hernder Gr\u00f6\u00dfe vorhanden<\/li>\n\n\n\n<li>keine Einholung von Expertisen: Rat und Verwaltung haben bisher vers\u00e4umt, belastbare und unabh\u00e4ngige Gutachten einzuholen<\/li>\n\n\n\n<li>Steuereinnahmen nicht sicher: Firmengeflecht der Gruppe erm\u00f6glicht Gewinne und Verluste zu verschieben<\/li>\n\n\n\n<li>Arbeitspl\u00e4tze: keine Aussage \u00fcber die Art der Abteispl\u00e4tze, zudem beklagen viele Unternehmen im Umkreis bereits \u00fcber Fachkr\u00e4ftemangel<\/li>\n\n\n\n<li>Emissionen: Geruchs-, L\u00e4rm-, Licht-, THG oder sonstige Emissionen werden auch noch bei modernsten Biogas- und Biomethananlagen festgestellt<\/li>\n\n\n\n<li>CO\u2082-Bilanz von Biomethan schlechter als von fossilem Erdgas bei Betrachtung der gesamten Produktionskette<\/li>\n\n\n\n<li>80 LKW-Anfahrten pro Tag: also 160 An- und Abfahrten, nicht nur \u00fcber die A4 sondern auch \u00fcber die K27 und die B264<\/li>\n\n\n\n<li>Lagerfl\u00e4che: Fl\u00e4che f\u00fcr Substratlagerung nur f\u00fcr wenige Tage vorgesehen, kleinere Anlagen m\u00fcssen teilweise Lagerfl\u00e4che f\u00fcr mehr als 250 Tage vorweisen<\/li>\n\n\n\n<li>&#8222;Aush\u00e4ngeschild&#8220; f\u00fcr die Gemeinde: ab 2030 soll der Indesee im Norden bef\u00fcllt werden, im S\u00fcden befinden sich Waldfl\u00e4chen, Langerwehe k\u00f6nnte zur Naherholung einladen, mitten drin aber dann eine gro\u00dfe Biomethananlage<\/li>\n<\/ul>\n\n\n\n<p>Trotz unserer Einw\u00e4nde sind weiterhin alle im Gemeinderat vertretenen Parteien der \u00dcberzeugung, dass das Projekt weiter verfolgt und umgesetzt werden soll! Die Meinungsbildung der Ratsmitglieder beruht dabei noch immer nicht auf unabh\u00e4ngigen Gutachten, sondern haupts\u00e4chlich auf Aussagen und der Pr\u00e4sentation der Firma Lucresta!<\/p>\n\n\n\n<p>Informieren Sie sich gerne auf diesen Internetseiten \u00fcber unsere Sicht der Dinge. Sprechen Sie mit Nachbarn, Freunden und Verwandten \u00fcber das Projekt. Bilden Sie sich Ihre eigene Meinung!<\/p>\n\n\n\n<p>Gerne informieren wir Sie in zeitlichen Abst\u00e4nden \u00fcber den aktuellen Stand der Dinge. Senden Sie uns eine E-Mail mit Ihrem Namen und Ihrer E-Mail-Adresse an <a href=\"mailto:mail@biogas-l12n.de\"><strong><mark style=\"background-color:rgba(0, 0, 0, 0)\" class=\"has-inline-color has-contrast-color\">mail@biogas-l12n.de<\/mark><\/strong><\/a> oder nutzen Sie unser <a href=\"https:\/\/www.biogas-l12n.de\/wordpress\/kontakt\/\" data-type=\"page\" data-id=\"278\">Kontaktformular<\/a>.<\/p>\n\n\n\n<p><\/p>\n","protected":false},"excerpt":{"rendered":"<p>HINWEIS, aktuell vom 26.01.2025: Unser offener Brief an den B\u00fcrgermeister und die Gemeindeverwaltung! Die Lucresta Clean Energy-Gruppe ist mit einem Konzept zum Bau einer Biomethananlage an der L12n an die Gemeinde Langerwehe herangetreten. Das Projekt wurde in der 15. Sitzung des Ausschusses f\u00fcr Strukturwandel, Gemeindeentwicklung, Wirtschaft und Digitales am 16. Mai 2024 durch eine Gesch\u00e4ftsf\u00fchrerin [&hellip;]<\/p>\n","protected":false},"author":6,"featured_media":0,"parent":0,"menu_order":0,"comment_status":"closed","ping_status":"closed","template":"","meta":{"footnotes":""},"class_list":["post-134","page","type-page","status-publish","hentry"],"yoast_head":"<!-- This site is optimized with the Yoast SEO plugin v25.2 - https:\/\/yoast.com\/wordpress\/plugins\/seo\/ -->\n<title>NEIN zur Biomethananlage! - Biogas L12n<\/title>\n<meta name=\"robots\" content=\"index, follow, max-snippet:-1, max-image-preview:large, max-video-preview:-1\" \/>\n<link rel=\"canonical\" href=\"https:\/\/www.biogas-l12n.de\/wordpress\/\" \/>\n<meta property=\"og:locale\" content=\"de_DE\" \/>\n<meta property=\"og:type\" content=\"article\" \/>\n<meta property=\"og:title\" content=\"NEIN zur Biomethananlage! - Biogas L12n\" \/>\n<meta property=\"og:description\" content=\"HINWEIS, aktuell vom 26.01.2025: Unser offener Brief an den B\u00fcrgermeister und die Gemeindeverwaltung! Die Lucresta Clean Energy-Gruppe ist mit einem Konzept zum Bau einer Biomethananlage an der L12n an die Gemeinde Langerwehe herangetreten. Das Projekt wurde in der 15. Sitzung des Ausschusses f\u00fcr Strukturwandel, Gemeindeentwicklung, Wirtschaft und Digitales am 16. Mai 2024 durch eine Gesch\u00e4ftsf\u00fchrerin [&hellip;]\" \/>\n<meta property=\"og:url\" content=\"https:\/\/www.biogas-l12n.de\/wordpress\/\" \/>\n<meta property=\"og:site_name\" content=\"Biogas L12n\" \/>\n<meta property=\"article:modified_time\" content=\"2025-01-31T06:38:23+00:00\" \/>\n<meta property=\"og:image\" content=\"https:\/\/www.biogas-l12n.de\/wordpress\/wp-content\/uploads\/2024\/09\/Designer-edited.jpeg\" \/>\n\t<meta property=\"og:image:width\" content=\"1024\" \/>\n\t<meta property=\"og:image:height\" content=\"768\" \/>\n\t<meta property=\"og:image:type\" content=\"image\/jpeg\" \/>\n<meta name=\"twitter:card\" content=\"summary_large_image\" \/>\n<meta name=\"twitter:label1\" content=\"Gesch\u00e4tzte Lesezeit\" \/>\n\t<meta name=\"twitter:data1\" content=\"2\u00a0Minuten\" \/>\n<script type=\"application\/ld+json\" class=\"yoast-schema-graph\">{\"@context\":\"https:\/\/schema.org\",\"@graph\":[{\"@type\":\"WebPage\",\"@id\":\"https:\/\/www.biogas-l12n.de\/wordpress\/\",\"url\":\"https:\/\/www.biogas-l12n.de\/wordpress\/\",\"name\":\"NEIN zur Biomethananlage! - Biogas L12n\",\"isPartOf\":{\"@id\":\"https:\/\/www.biogas-l12n.de\/wordpress\/#website\"},\"primaryImageOfPage\":{\"@id\":\"https:\/\/www.biogas-l12n.de\/wordpress\/#primaryimage\"},\"image\":{\"@id\":\"https:\/\/www.biogas-l12n.de\/wordpress\/#primaryimage\"},\"thumbnailUrl\":\"https:\/\/www.biogas-l12n.de\/wordpress\/wp-content\/uploads\/2024\/09\/Designer-edited.jpeg\",\"datePublished\":\"2025-01-31T06:00:05+00:00\",\"dateModified\":\"2025-01-31T06:38:23+00:00\",\"breadcrumb\":{\"@id\":\"https:\/\/www.biogas-l12n.de\/wordpress\/#breadcrumb\"},\"inLanguage\":\"de\",\"potentialAction\":[{\"@type\":\"ReadAction\",\"target\":[\"https:\/\/www.biogas-l12n.de\/wordpress\/\"]}]},{\"@type\":\"ImageObject\",\"inLanguage\":\"de\",\"@id\":\"https:\/\/www.biogas-l12n.de\/wordpress\/#primaryimage\",\"url\":\"https:\/\/www.biogas-l12n.de\/wordpress\/wp-content\/uploads\/2024\/09\/Designer-edited.jpeg\",\"contentUrl\":\"https:\/\/www.biogas-l12n.de\/wordpress\/wp-content\/uploads\/2024\/09\/Designer-edited.jpeg\",\"width\":1024,\"height\":768,\"caption\":\"Beispiel einer Biomethangasanlage\"},{\"@type\":\"BreadcrumbList\",\"@id\":\"https:\/\/www.biogas-l12n.de\/wordpress\/#breadcrumb\",\"itemListElement\":[{\"@type\":\"ListItem\",\"position\":1,\"name\":\"Startseite\",\"item\":\"https:\/\/www.biogas-l12n.de\/wordpress\/\"},{\"@type\":\"ListItem\",\"position\":2,\"name\":\"NEIN zur Biomethananlage!\"}]},{\"@type\":\"WebSite\",\"@id\":\"https:\/\/www.biogas-l12n.de\/wordpress\/#website\",\"url\":\"https:\/\/www.biogas-l12n.de\/wordpress\/\",\"name\":\"Biogas L12n\",\"description\":\"B\u00fcrgerinitiative f\u00fcr eine bessere Informationspolitik der Gemeindeverwaltung und gegen den Bau der Biomethangasanlage an der L12n in Langerwehe\",\"potentialAction\":[{\"@type\":\"SearchAction\",\"target\":{\"@type\":\"EntryPoint\",\"urlTemplate\":\"https:\/\/www.biogas-l12n.de\/wordpress\/?s={search_term_string}\"},\"query-input\":{\"@type\":\"PropertyValueSpecification\",\"valueRequired\":true,\"valueName\":\"search_term_string\"}}],\"inLanguage\":\"de\"}]}<\/script>\n<!-- \/ Yoast SEO plugin. -->","yoast_head_json":{"title":"NEIN zur Biomethananlage! - Biogas L12n","robots":{"index":"index","follow":"follow","max-snippet":"max-snippet:-1","max-image-preview":"max-image-preview:large","max-video-preview":"max-video-preview:-1"},"canonical":"https:\/\/www.biogas-l12n.de\/wordpress\/","og_locale":"de_DE","og_type":"article","og_title":"NEIN zur Biomethananlage! - Biogas L12n","og_description":"HINWEIS, aktuell vom 26.01.2025: Unser offener Brief an den B\u00fcrgermeister und die Gemeindeverwaltung! Die Lucresta Clean Energy-Gruppe ist mit einem Konzept zum Bau einer Biomethananlage an der L12n an die Gemeinde Langerwehe herangetreten. Das Projekt wurde in der 15. Sitzung des Ausschusses f\u00fcr Strukturwandel, Gemeindeentwicklung, Wirtschaft und Digitales am 16. Mai 2024 durch eine Gesch\u00e4ftsf\u00fchrerin [&hellip;]","og_url":"https:\/\/www.biogas-l12n.de\/wordpress\/","og_site_name":"Biogas L12n","article_modified_time":"2025-01-31T06:38:23+00:00","og_image":[{"width":1024,"height":768,"url":"https:\/\/www.biogas-l12n.de\/wordpress\/wp-content\/uploads\/2024\/09\/Designer-edited.jpeg","type":"image\/jpeg"}],"twitter_card":"summary_large_image","twitter_misc":{"Gesch\u00e4tzte Lesezeit":"2\u00a0Minuten"},"schema":{"@context":"https:\/\/schema.org","@graph":[{"@type":"WebPage","@id":"https:\/\/www.biogas-l12n.de\/wordpress\/","url":"https:\/\/www.biogas-l12n.de\/wordpress\/","name":"NEIN zur Biomethananlage! - Biogas L12n","isPartOf":{"@id":"https:\/\/www.biogas-l12n.de\/wordpress\/#website"},"primaryImageOfPage":{"@id":"https:\/\/www.biogas-l12n.de\/wordpress\/#primaryimage"},"image":{"@id":"https:\/\/www.biogas-l12n.de\/wordpress\/#primaryimage"},"thumbnailUrl":"https:\/\/www.biogas-l12n.de\/wordpress\/wp-content\/uploads\/2024\/09\/Designer-edited.jpeg","datePublished":"2025-01-31T06:00:05+00:00","dateModified":"2025-01-31T06:38:23+00:00","breadcrumb":{"@id":"https:\/\/www.biogas-l12n.de\/wordpress\/#breadcrumb"},"inLanguage":"de","potentialAction":[{"@type":"ReadAction","target":["https:\/\/www.biogas-l12n.de\/wordpress\/"]}]},{"@type":"ImageObject","inLanguage":"de","@id":"https:\/\/www.biogas-l12n.de\/wordpress\/#primaryimage","url":"https:\/\/www.biogas-l12n.de\/wordpress\/wp-content\/uploads\/2024\/09\/Designer-edited.jpeg","contentUrl":"https:\/\/www.biogas-l12n.de\/wordpress\/wp-content\/uploads\/2024\/09\/Designer-edited.jpeg","width":1024,"height":768,"caption":"Beispiel einer Biomethangasanlage"},{"@type":"BreadcrumbList","@id":"https:\/\/www.biogas-l12n.de\/wordpress\/#breadcrumb","itemListElement":[{"@type":"ListItem","position":1,"name":"Startseite","item":"https:\/\/www.biogas-l12n.de\/wordpress\/"},{"@type":"ListItem","position":2,"name":"NEIN zur Biomethananlage!"}]},{"@type":"WebSite","@id":"https:\/\/www.biogas-l12n.de\/wordpress\/#website","url":"https:\/\/www.biogas-l12n.de\/wordpress\/","name":"Biogas L12n","description":"B\u00fcrgerinitiative f\u00fcr eine bessere Informationspolitik der Gemeindeverwaltung und gegen den Bau der Biomethangasanlage an der L12n in Langerwehe","potentialAction":[{"@type":"SearchAction","target":{"@type":"EntryPoint","urlTemplate":"https:\/\/www.biogas-l12n.de\/wordpress\/?s={search_term_string}"},"query-input":{"@type":"PropertyValueSpecification","valueRequired":true,"valueName":"search_term_string"}}],"inLanguage":"de"}]}},"_links":{"self":[{"href":"https:\/\/www.biogas-l12n.de\/wordpress\/wp-json\/wp\/v2\/pages\/134","targetHints":{"allow":["GET"]}}],"collection":[{"href":"https:\/\/www.biogas-l12n.de\/wordpress\/wp-json\/wp\/v2\/pages"}],"about":[{"href":"https:\/\/www.biogas-l12n.de\/wordpress\/wp-json\/wp\/v2\/types\/page"}],"author":[{"embeddable":true,"href":"https:\/\/www.biogas-l12n.de\/wordpress\/wp-json\/wp\/v2\/users\/6"}],"replies":[{"embeddable":true,"href":"https:\/\/www.biogas-l12n.de\/wordpress\/wp-json\/wp\/v2\/comments?post=134"}],"version-history":[{"count":18,"href":"https:\/\/www.biogas-l12n.de\/wordpress\/wp-json\/wp\/v2\/pages\/134\/revisions"}],"predecessor-version":[{"id":292,"href":"https:\/\/www.biogas-l12n.de\/wordpress\/wp-json\/wp\/v2\/pages\/134\/revisions\/292"}],"wp:attachment":[{"href":"https:\/\/www.biogas-l12n.de\/wordpress\/wp-json\/wp\/v2\/media?parent=134"}],"curies":[{"name":"wp","href":"https:\/\/api.w.org\/{rel}","templated":true}]}}